{"id":15,"date":"2024-07-06T12:38:49","date_gmt":"2024-07-06T12:38:49","guid":{"rendered":"https:\/\/tpantanal.com.br\/novosite\/?page_id=15"},"modified":"2025-02-03T11:53:52","modified_gmt":"2025-02-03T14:53:52","slug":"certificacoes","status":"publish","type":"page","link":"https:\/\/tpantanal.com.br\/novosite\/certificacoes\/","title":{"rendered":"Certifica\u00e7\u00f5es"},"content":{"rendered":"\t\t<div data-elementor-type=\"wp-page\" data-elementor-id=\"15\" class=\"elementor elementor-15\" data-elementor-settings=\"{&quot;ha_cmc_init_switcher&quot;:&quot;no&quot;}\" data-elementor-post-type=\"page\">\n\t\t\t\t<div class=\"elementor-element elementor-element-3983f447 e-con-full e-flex e-con e-parent\" data-id=\"3983f447\" data-element_type=\"container\" data-e-type=\"container\" data-settings=\"{&quot;background_background&quot;:&quot;classic&quot;,&quot;_ha_eqh_enable&quot;:false}\">\n\t\t\t\t<div class=\"elementor-element elementor-element-35783da8 elementor--h-position-left elementor--v-position-middle elementor-arrows-position-inside elementor-pagination-position-inside elementor-widget elementor-widget-slides\" data-id=\"35783da8\" data-element_type=\"widget\" data-e-type=\"widget\" data-settings=\"{&quot;navigation&quot;:&quot;both&quot;,&quot;autoplay&quot;:&quot;yes&quot;,&quot;pause_on_hover&quot;:&quot;yes&quot;,&quot;pause_on_interaction&quot;:&quot;yes&quot;,&quot;autoplay_speed&quot;:5000,&quot;infinite&quot;:&quot;yes&quot;,&quot;transition&quot;:&quot;slide&quot;,&quot;transition_speed&quot;:500}\" data-widget_type=\"slides.default\">\n\t\t\t\t\t\t\t\t\t\t<div class=\"elementor-slides-wrapper elementor-main-swiper swiper\" role=\"region\" aria-roledescription=\"carousel\" aria-label=\"Slides\" dir=\"ltr\" data-animation=\"fadeInUp\">\n\t\t\t\t<div class=\"swiper-wrapper elementor-slides\">\n\t\t\t\t\t\t\t\t\t\t<div class=\"elementor-repeater-item-f2c20b3 swiper-slide\" role=\"group\" aria-roledescription=\"slide\"><div class=\"swiper-slide-bg\" role=\"img\"><\/div><div class=\"swiper-slide-inner\" ><div class=\"swiper-slide-contents\"><div class=\"elementor-slide-heading\">CERTIFICA\u00c7\u00d5ES<\/div><div class=\"elementor-slide-description\">Qualidade e Compromisso com o Desenvolvimento Sustent\u00e1vel<\/div><\/div><\/div><\/div>\t\t\t\t<\/div>\n\t\t\t\t\t\t\t<\/div>\n\t\t\t\t\t\t\t\t<\/div>\n\t\t\t\t<\/div>\n\t\t<div class=\"elementor-element elementor-element-73bfd8ef e-flex e-con-boxed e-con e-parent\" data-id=\"73bfd8ef\" data-element_type=\"container\" data-e-type=\"container\" data-settings=\"{&quot;_ha_eqh_enable&quot;:false}\">\n\t\t\t\t\t<div class=\"e-con-inner\">\n\t\t<div class=\"elementor-element elementor-element-26fb94cd e-con-full e-flex e-con e-child\" data-id=\"26fb94cd\" data-element_type=\"container\" data-e-type=\"container\" data-settings=\"{&quot;animation&quot;:&quot;none&quot;,&quot;animation_delay&quot;:100,&quot;_ha_eqh_enable&quot;:false}\">\n\t\t\t\t<div class=\"elementor-element elementor-element-459871f elementor-widget elementor-widget-heading\" data-id=\"459871f\" data-element_type=\"widget\" data-e-type=\"widget\" data-settings=\"{&quot;_animation&quot;:&quot;none&quot;,&quot;_animation_delay&quot;:300}\" data-widget_type=\"heading.default\">\n\t\t\t\t\t<h2 class=\"elementor-heading-title elementor-size-default\">CERTIFICA\u00c7\u00d5ES <br>TRANS PANTANAL<\/h2>\t\t\t\t<\/div>\n\t\t\t\t<div class=\"elementor-element elementor-element-64cbd5f6 elementor-widget-divider--view-line elementor-widget elementor-widget-divider\" data-id=\"64cbd5f6\" data-element_type=\"widget\" data-e-type=\"widget\" data-settings=\"{&quot;_animation&quot;:&quot;none&quot;}\" data-widget_type=\"divider.default\">\n\t\t\t\t\t\t\t<div class=\"elementor-divider\">\n\t\t\t<span class=\"elementor-divider-separator\">\n\t\t\t\t\t\t<\/span>\n\t\t<\/div>\n\t\t\t\t\t\t<\/div>\n\t\t\t\t<div class=\"elementor-element elementor-element-5838ee48 elementor-widget elementor-widget-text-editor\" data-id=\"5838ee48\" data-element_type=\"widget\" data-e-type=\"widget\" data-settings=\"{&quot;_animation&quot;:&quot;none&quot;,&quot;_animation_delay&quot;:400}\" data-widget_type=\"text-editor.default\">\n\t\t\t\t\t\t\t\t\t<p>A Trans Pantanal oferece solu\u00e7\u00f5es em servi\u00e7os de transporte e armazenagem, atuando em todo territ\u00f3rio nacional, cumprindo integralmente as diretrizes estrat\u00e9gicas estabelecidas com clientes, fornecedores e parceiros, buscando continuamente processos mais seguros e em constante melhoria, mantendo a satisfa\u00e7\u00e3o dos clientes em alto n\u00edvel, contemplando o compromisso, \u00e9tica, respeito e apoio aos seus colaboradores e ao meio ambiente. Foi desta forma que a Trans Pantanal conquistou os certificados de Qualidade e Meio Ambiente assumindo o seu compromisso com as diretrizes<\/p>\t\t\t\t\t\t\t\t<\/div>\n\t\t\t\t<\/div>\n\t\t<div class=\"elementor-element elementor-element-4501ecaf e-con-full e-flex elementor-invisible e-con e-child\" data-id=\"4501ecaf\" data-element_type=\"container\" data-e-type=\"container\" data-settings=\"{&quot;animation&quot;:&quot;fadeInUp&quot;,&quot;animation_delay&quot;:200,&quot;_ha_eqh_enable&quot;:false}\">\n\t\t\t\t<div class=\"elementor-element elementor-element-b0ce4c3 elementor-widget elementor-widget-image\" data-id=\"b0ce4c3\" data-element_type=\"widget\" data-e-type=\"widget\" data-widget_type=\"image.default\">\n\t\t\t\t\t\t\t\t\t\t\t\t\t\t\t<img fetchpriority=\"high\" decoding=\"async\" width=\"564\" height=\"280\" src=\"https:\/\/tpantanal.com.br\/novosite\/wp-content\/uploads\/2025\/02\/anvisa-2025.png\" class=\"attachment-large size-large wp-image-1648\" alt=\"\" srcset=\"https:\/\/tpantanal.com.br\/novosite\/wp-content\/uploads\/2025\/02\/anvisa-2025.png 564w, https:\/\/tpantanal.com.br\/novosite\/wp-content\/uploads\/2025\/02\/anvisa-2025-300x149.png 300w\" sizes=\"(max-width: 564px) 100vw, 564px\" \/>\t\t\t\t\t\t\t\t\t\t\t\t\t\t\t<\/div>\n\t\t\t\t<\/div>\n\t\t\t\t\t<\/div>\n\t\t\t\t<\/div>\n\t\t<div class=\"elementor-element elementor-element-631d2a89 e-con-full e-flex e-con e-parent\" data-id=\"631d2a89\" data-element_type=\"container\" data-e-type=\"container\" data-settings=\"{&quot;_ha_eqh_enable&quot;:false}\">\n\t\t<div class=\"elementor-element elementor-element-6f54b707 e-con-full e-flex e-con e-child\" data-id=\"6f54b707\" data-element_type=\"container\" data-e-type=\"container\" data-settings=\"{&quot;background_background&quot;:&quot;classic&quot;,&quot;_ha_eqh_enable&quot;:false}\">\n\t\t\t\t<\/div>\n\t\t<div class=\"elementor-element elementor-element-38630986 e-con-full e-flex e-con e-child\" data-id=\"38630986\" data-element_type=\"container\" data-e-type=\"container\" data-settings=\"{&quot;background_background&quot;:&quot;classic&quot;,&quot;_ha_eqh_enable&quot;:false}\">\n\t\t\t\t<div class=\"elementor-element elementor-element-8b24b1d elementor-widget elementor-widget-text-editor\" data-id=\"8b24b1d\" data-element_type=\"widget\" data-e-type=\"widget\" data-widget_type=\"text-editor.default\">\n\t\t\t\t\t\t\t\t\t<p class=\"textoPadrao\">\u2714\u00a0Atender \u00e0s expectativas das partes interessadas com direcionamento e foco na satisfa\u00e7\u00e3o dos clientes;<br \/><br \/>\u2714\u00a0Promover, permanentemente, o desenvolvimento e a parceria nos relacionamentos com clientes, fornecedores, colaboradores, prestadores de servi\u00e7os e parceiros de neg\u00f3cios;<br \/><br \/>\u2714\u00a0Monitorar, constante e continuamente, a presta\u00e7\u00e3o de servi\u00e7o e a sua evolu\u00e7\u00e3o at\u00e9 a solu\u00e7\u00e3o final;<br \/><br \/>\u2714\u00a0Assegurar uma gest\u00e3o de frota eficiente, reduzindo custos e aumentando a produtividade dos ve\u00edculos, impactando positivamente nas emiss\u00f5es e res\u00edduos gerados;<br \/><br \/>\u2714\u00a0Minimizar os aspectos e impactos ambientais, atendendo aos requisitos legais aplic\u00e1veis e a melhoria cont\u00ednua, assegurando aos trabalhadores e \u00e0 comunidade a preven\u00e7\u00e3o da polui\u00e7\u00e3o e a qualidade na gest\u00e3o dos seus processos;<br \/><br \/>\u2714\u00a0Capacitar nossos colaboradores dentro das atividades que desempenham;<br \/><br \/>\u2714\u00a0Garantir que todo colaborador ou prestador de servi\u00e7os contribua por meio das suas atividades para o cumprimento da Pol\u00edtica de Gest\u00e3o Integrada;<br \/><br \/>\u2714\u00a0Espalhar a Pol\u00edtica de Gest\u00e3o integrada por toda a rede de rela\u00e7\u00f5es da Trans Pantanal.<\/p>\t\t\t\t\t\t\t\t<\/div>\n\t\t\t\t<\/div>\n\t\t\t\t<\/div>\n\t\t<div class=\"elementor-element elementor-element-448400aa e-flex e-con-boxed e-con e-parent\" data-id=\"448400aa\" data-element_type=\"container\" data-e-type=\"container\" data-settings=\"{&quot;_ha_eqh_enable&quot;:false}\">\n\t\t\t\t\t<div class=\"e-con-inner\">\n\t\t<div class=\"elementor-element elementor-element-599a0bc3 e-con-full e-flex e-con e-child\" data-id=\"599a0bc3\" data-element_type=\"container\" data-e-type=\"container\" data-settings=\"{&quot;animation&quot;:&quot;none&quot;,&quot;animation_delay&quot;:100,&quot;_ha_eqh_enable&quot;:false}\">\n\t\t\t\t<div class=\"elementor-element elementor-element-6303f5cd elementor-widget elementor-widget-heading\" data-id=\"6303f5cd\" data-element_type=\"widget\" data-e-type=\"widget\" data-settings=\"{&quot;_animation&quot;:&quot;none&quot;,&quot;_animation_delay&quot;:300}\" data-widget_type=\"heading.default\">\n\t\t\t\t\t<h2 class=\"elementor-heading-title elementor-size-default\">ESTRUTURA PREPARADA PARA UM TRANSPORTE ESPECIALIZADO NA \u00c1REA DA SA\u00daDE<\/h2>\t\t\t\t<\/div>\n\t\t\t\t<div class=\"elementor-element elementor-element-7804d5a1 elementor-widget-divider--view-line elementor-widget elementor-widget-divider\" data-id=\"7804d5a1\" data-element_type=\"widget\" data-e-type=\"widget\" data-settings=\"{&quot;_animation&quot;:&quot;none&quot;}\" data-widget_type=\"divider.default\">\n\t\t\t\t\t\t\t<div class=\"elementor-divider\">\n\t\t\t<span class=\"elementor-divider-separator\">\n\t\t\t\t\t\t<\/span>\n\t\t<\/div>\n\t\t\t\t\t\t<\/div>\n\t\t\t\t<div class=\"elementor-element elementor-element-62ada380 elementor-widget elementor-widget-text-editor\" data-id=\"62ada380\" data-element_type=\"widget\" data-e-type=\"widget\" data-settings=\"{&quot;_animation&quot;:&quot;none&quot;,&quot;_animation_delay&quot;:400}\" data-widget_type=\"text-editor.default\">\n\t\t\t\t\t\t\t\t\t<p>Com uma equipe altamente qualificada, uma frota moderna e amplo know-how na log\u00edstica hospitalar, a Trans Pantanal conquistou a certifica\u00e7\u00e3o ANVISA para o transporte de equipamentos tecnol\u00f3gicos relacionados \u00e0 \u00e1rea da Sa\u00fade.<\/p>\t\t\t\t\t\t\t\t<\/div>\n\t\t\t\t<div class=\"elementor-element elementor-element-a58328f elementor-widget elementor-widget-heading\" data-id=\"a58328f\" data-element_type=\"widget\" data-e-type=\"widget\" data-settings=\"{&quot;_animation&quot;:&quot;none&quot;,&quot;_animation_delay&quot;:300}\" data-widget_type=\"heading.default\">\n\t\t\t\t\t<h2 class=\"elementor-heading-title elementor-size-default\">Nossas solu\u00e7\u00f5es especializadas abrangem uma vasta gama de op\u00e7\u00f5es, como o transporte de:<\/h2>\t\t\t\t<\/div>\n\t\t\t\t<div class=\"elementor-element elementor-element-b768de5 elementor-widget elementor-widget-text-editor\" data-id=\"b768de5\" data-element_type=\"widget\" data-e-type=\"widget\" data-settings=\"{&quot;_animation&quot;:&quot;none&quot;,&quot;_animation_delay&quot;:400}\" data-widget_type=\"text-editor.default\">\n\t\t\t\t\t\t\t\t\t<p>\u2714\u00a0Macas Hospitalares;<br \/>\u2714\u00a0Mesas Cir\u00fargicas;<br \/>\u2714\u00a0M\u00e1quinas de Resson\u00e2ncia;<br \/>\u2714\u00a0M\u00e1quinas de eletrocardiograma;<br \/>\u2714\u00a0M\u00e1quinas de Raio X;<br \/>\u2714\u00a0Desfibriladores;<br \/>\u2714\u00a0Esterilizadores;<br \/>\u2714\u00a0Entre outros equipamentos hospitalares.<\/p>\t\t\t\t\t\t\t\t<\/div>\n\t\t\t\t<\/div>\n\t\t<div class=\"elementor-element elementor-element-3631159e e-con-full e-flex elementor-invisible e-con e-child\" data-id=\"3631159e\" data-element_type=\"container\" data-e-type=\"container\" data-settings=\"{&quot;animation&quot;:&quot;fadeInUp&quot;,&quot;animation_delay&quot;:200,&quot;_ha_eqh_enable&quot;:false}\">\n\t\t\t\t<div class=\"elementor-element elementor-element-7504009 elementor-widget elementor-widget-image\" data-id=\"7504009\" data-element_type=\"widget\" data-e-type=\"widget\" data-widget_type=\"image.default\">\n\t\t\t\t\t\t\t\t\t\t\t\t\t\t\t<img decoding=\"async\" width=\"448\" height=\"641\" src=\"https:\/\/tpantanal.com.br\/novosite\/wp-content\/uploads\/2024\/07\/interno-15.jpg\" class=\"attachment-large size-large wp-image-1215\" alt=\"\" srcset=\"https:\/\/tpantanal.com.br\/novosite\/wp-content\/uploads\/2024\/07\/interno-15.jpg 448w, https:\/\/tpantanal.com.br\/novosite\/wp-content\/uploads\/2024\/07\/interno-15-210x300.jpg 210w\" sizes=\"(max-width: 448px) 100vw, 448px\" \/>\t\t\t\t\t\t\t\t\t\t\t\t\t\t\t<\/div>\n\t\t\t\t<\/div>\n\t\t\t\t\t<\/div>\n\t\t\t\t<\/div>\n\t\t\t\t<\/div>\n\t\t","protected":false},"excerpt":{"rendered":"<p>CERTIFICA\u00c7\u00d5ESQualidade e Compromisso com o Desenvolvimento Sustent\u00e1vel CERTIFICA\u00c7\u00d5ES TRANS PANTANAL A Trans Pantanal oferece solu\u00e7\u00f5es em servi\u00e7os de transporte e armazenagem, atuando em todo territ\u00f3rio nacional, cumprindo integralmente as diretrizes estrat\u00e9gicas estabelecidas com clientes, fornecedores e parceiros, buscando continuamente processos mais seguros e em constante melhoria, mantendo a satisfa\u00e7\u00e3o dos clientes em alto n\u00edvel, contemplando [&hellip;]<\/p>\n","protected":false},"author":1,"featured_media":0,"parent":0,"menu_order":0,"comment_status":"closed","ping_status":"closed","template":"","meta":{"footnotes":""},"class_list":["post-15","page","type-page","status-publish","hentry"],"_links":{"self":[{"href":"https:\/\/tpantanal.com.br\/novosite\/wp-json\/wp\/v2\/pages\/15","targetHints":{"allow":["GET"]}}],"collection":[{"href":"https:\/\/tpantanal.com.br\/novosite\/wp-json\/wp\/v2\/pages"}],"about":[{"href":"https:\/\/tpantanal.com.br\/novosite\/wp-json\/wp\/v2\/types\/page"}],"author":[{"embeddable":true,"href":"https:\/\/tpantanal.com.br\/novosite\/wp-json\/wp\/v2\/users\/1"}],"replies":[{"embeddable":true,"href":"https:\/\/tpantanal.com.br\/novosite\/wp-json\/wp\/v2\/comments?post=15"}],"version-history":[{"count":46,"href":"https:\/\/tpantanal.com.br\/novosite\/wp-json\/wp\/v2\/pages\/15\/revisions"}],"predecessor-version":[{"id":1654,"href":"https:\/\/tpantanal.com.br\/novosite\/wp-json\/wp\/v2\/pages\/15\/revisions\/1654"}],"wp:attachment":[{"href":"https:\/\/tpantanal.com.br\/novosite\/wp-json\/wp\/v2\/media?parent=15"}],"curies":[{"name":"wp","href":"https:\/\/api.w.org\/{rel}","templated":true}]}}